{"id":86,"date":"2023-09-19T07:33:38","date_gmt":"2023-09-19T07:33:38","guid":{"rendered":"https:\/\/zurterez.ihrewerbungklebt.de\/?page_id=86"},"modified":"2023-09-19T07:51:43","modified_gmt":"2023-09-19T07:51:43","slug":"datenschutzerklarung","status":"publish","type":"page","link":"https:\/\/zurterez.de\/?page_id=86","title":{"rendered":"Datenschutzerkl\u00e4rung"},"content":{"rendered":"<h1 style=\"font-family: Arvo; line-height: 1.1; color: #000000; font-size: 22px; display: var(--page-title-display); padding: 4px; font-style: normal;\">1. Datenschutz auf einen Blick<\/h1>\n<section data-id=\"3ffa8248\" data-element_type=\"section\">\n<p style=\"margin-right: 0px; margin-bottom: 10px; margin-left: 0px;\">Allgemeine Hinweise Die folgenden Hinweise<br \/>\ngeben einen einfachen \u00dcberblick dar\u00fcber, was mit Ihren personenbezogenen Daten<br \/>\npassiert, wenn Sie diese Website besuchen. Personenbezogene Daten sind alle Daten, mit denen Sie<br \/>\npers\u00f6nlich identifiziert werden k\u00f6nnen. Ausf\u00fchrliche Informationen zum Thema Datenschutz entnehmen<br \/>\nSie unserer unter diesem Text aufgef\u00fchrten Datenschutzerkl\u00e4rung.<br \/>\nDatenerfassung auf dieser Website Wer ist verantwortlich f\u00fcr die Datenerfassung auf dieser Website<br \/>\n?<br \/>\nDie Datenverarbeitung auf dieser Website erfolgt durch den Websitebetreiber. Dessen Kontaktdaten<br \/>\nk\u00f6nnen Sie dem Abschnitt &#8220;Hinweis zur Verantwortlichen Stelle&#8221; in dieser Datenschutzerkl\u00e4rung<br \/>\nentnehmen.<br \/>\nWie erfassen wir Ihre Daten?<br \/>\nIhre Daten werden zum einen dadurch erhoben, dass Sie uns diese mitteilen. Hierbei kann es sich z. B. um<br \/>\nDaten handeln, die Sie in ein Kontaktformular eingeben.<br \/>\nAndere Daten werden automatisch oder nach Ihrer Einwilligung beim Besuch der Website durch unsere IT-Systeme<br \/>\nerfasst. Das sind vor allem technische Daten (z. B. Internetbrowser, Betriebssystem oder Uhrzeit<br \/>\ndes Seitenaufrufs). Die Erfassung dieser Daten erfolgt automatisch, sobald Sie diese Website betreten.<br \/>\nWof\u00fcr nutzen wir Ihre Daten?<br \/>\nEin Teil der Daten wird erhoben, um eine fehlerfreie Bereitstellung der Website zu gew\u00e4hrleisten. Andere<br \/>\nDaten k\u00f6nnen zur Analyse Ihres Nutzerverhaltens verwendet werden.<br \/>\nWelche Rechte haben Sie bez\u00fcglich Ihrer Daten?<br \/>\nSie haben jederzeit das Recht, unentgeltlich Auskunft \u00fcber Herkunft, Empf\u00e4nger und Zweck Ihrer<br \/>\ngespeicherten personenbezogenen Daten zu erhalten. Sie haben au\u00dferdem ein Recht, die Berichtigung oder<br \/>\nL\u00f6schung dieser Daten zu verlangen. Wenn Sie eine Einwilligung zur Datenverarbeitung erteilt haben,k\u00f6nnen<br \/>\nSie diese Einwilligung jederzeit f\u00fcr die Zukunft widerrufen. Au\u00dferdem haben Sie das Recht, unter<br \/>\nbestimmten Umst\u00e4nden die Einschr\u00e4nkung der Verarbeitung Ihrer personenbezogenen Daten zu verlangen.<br \/>\nDes Weiteren steht Ihnen ein Beschwerderecht bei der zust\u00e4ndigen Aufsichtsbeh\u00f6rde zu.<br \/>\nHierzu sowie zu weiteren Fragen zum Thema Datenschutz k\u00f6nnen Sie sich jederzeit an uns wenden.<br \/>\nAnalyse-Tools und Tools von Drittanbietern<br \/>\nBeim Besuch dieser Website kann Ihr Surf-Verhalten statistisch ausgewertet werden. Das geschieht vor<br \/>\nallem mit sogenannten Analyseprogrammen.<br \/>\nDetaillierte Informationen zu diesen Analyseprogrammen finden Sie in der folgenden<br \/>\nDatenschutzerkl\u00e4rung.<\/p>\n<p style=\"margin-right: 0px; margin-bottom: 10px; margin-left: 0px;\">2. Hosting<br \/>\nHosting-Fox<br \/>\nWir hosten unsere Website bei Hosting-Fox.\u00a0Wenn Sie unsere Website besuchen, erfasst Hosting-Fox verschiedene<br \/>\nLogfiles inklusive Ihrer IP-Adressen.<\/p>\n<p style=\"margin-right: 0px; margin-bottom: 10px; margin-left: 0px;\">3. Allgemeine Hinweise und Pflichtinformationen<br \/>\nDatenschutz<br \/>\nDie Betreiber dieser Seiten nehmen den Schutz Ihrer pers\u00f6nlichen Daten sehr ernst. Wir behandeln Ihre<br \/>\npersonenbezogenen Daten vertraulich und entsprechend den gesetzlichen Datenschutzbestimmungen sowie<br \/>\ndieser Datenschutzerkl\u00e4rung.<br \/>\nWenn Sie diese Website benutzen, werden verschiedene personenbezogene Daten erhoben.<br \/>\nPersonenbezogene Daten sind Daten, mit denen Sie pers\u00f6nlich identifiziert werden k\u00f6nnen. Die vorliegende<br \/>\nDatenschutzerkl\u00e4rung erl\u00e4utert, welche Daten wir erheben und wof\u00fcr wir sie nutzen. Sie erl\u00e4utert auch, wie<br \/>\nund zu welchem Zweck das geschieht.<\/p>\n<p style=\"margin-right: 0px; margin-bottom: 10px; margin-left: 0px;\">Wir weisen darauf hin, dass die Daten\u00fcbertragung im Internet (z. B. bei der Kommunikation per E-Mail)<br \/>\nSicherheitsl\u00fccken aufweisen kann. Ein l\u00fcckenloser Schutz der Daten vor dem Zugriff durch Dritte ist nicht<br \/>\nm\u00f6glich.<br \/>\nHinweis zur verantwortlichen Stelle Die verantwortliche Stelle f\u00fcr die Datenverarbeitung auf dieser Website ist:Inhaberin Terez Paraschidis<br \/>\nEisenbahnstra\u00dfe 19,72770 Reutlingen<br \/>\nTelefon: 07121 \/ 9 88 59 71<br \/>\nE-Mail:<br \/>\ninfo@zurterez.de<br \/>\nVerantwortliche Stelle<br \/>\nist die nat\u00fcrliche oder juristische Person,<br \/>\ndie allein oder gemeinsam mit anderen \u00fcber<br \/>\ndie Zwecke und Mittel der Verarbeitung von personenbezogenen Daten (z. B. Namen, E-Mail-Adressen o. \u00c4.)<br \/>\nentscheidet.<br \/>\nSpeicherdauer Soweit innerhalb dieser Datenschutzerkl\u00e4rung keine speziellere Speicherdauer<br \/>\ngenannt wurde, verbleiben<br \/>\nIhre personenbezogenen Daten bei uns, bis der Zweck f\u00fcr die Datenverarbeitung entf\u00e4llt. Wenn Sie ein<br \/>\nberechtigtes L\u00f6schersuchen geltend machen oder eine Einwilligung zur Datenverarbeitung widerrufen,werden<br \/>\nIhre Daten gel\u00f6scht, sofern wir keine anderen rechtlich zul\u00e4ssigen Gr\u00fcnde f\u00fcr die Speicherung Ihrer<br \/>\npersonenbezogenen Daten haben (z. B. steuer- oder handelsrechtliche Aufbewahrungsfristen); im<br \/>\nletztgenannten Fall erfolgt die L\u00f6schung nach Fortfall dieser Gr\u00fcnde.<br \/>\nHinweis zur Datenweitergabe in die USA und sonstige Drittstaaten<br \/>\nWir verwenden unter anderem Tools von Unternehmen mit Sitz in den USA oder sonstigen<br \/>\ndatenschutzrechtlich nicht sicheren Drittstaaten. Wenn diese Tools aktiv sind, k\u00f6nnen Ihre<br \/>\npersonenbezogenen Daten in diese Drittstaaten \u00fcbertragen und dort verarbeitet werden. Wir weisen darauf<br \/>\nhin, dass in diesen L\u00e4ndern kein mit der EU vergleichbares Datenschutzniveau garantiert werden kann.<br \/>\nBeispielsweise sind US-Unternehmen dazu verpflichtet, personenbezogene Daten an Sicherheitsbeh\u00f6rden<br \/>\nherauszugeben, ohne dass Sie als Betroffener hiergegen gerichtlich vorgehen k\u00f6nnten. Es kann daher nicht<br \/>\nausgeschlossen werden, dass US-Beh\u00f6rden (z. B. Geheimdienste) Ihre auf US-Servern befindlichen Daten zu<br \/>\n\u00dcberwachungszwecken verarbeiten, auswerten und dauerhaft speichern. Wir haben auf diese<br \/>\nVerarbeitungst\u00e4tigkeiten keinen Einfluss.<br \/>\nWiderruf Ihrer Einwilligung zur Datenverarbeitung<br \/>\nViele Datenverarbeitungsvorg\u00e4nge sind nur mit Ihrer ausdr\u00fccklichen Einwilligung m\u00f6glich. Sie k\u00f6nnen eine<br \/>\nbereits erteilte Einwilligung jederzeit widerrufen. Die Rechtm\u00e4\u00dfigkeit der bis zum Widerruf erfolgten<br \/>\nDatenverarbeitung bleibt vom Widerruf unber\u00fchrt.<br \/>\nWiderspruchsrecht gegen die Datenerhebung in besonderen F\u00e4llen sowie gegen<br \/>\nDirektwerbung (Art. 21 DSGVO)<br \/>\nWENN DIE DATENVERARBEITUNG AUF GRUNDLAGE VON ART. 6 ABS. 1 LIT. E ODER F DSGVO<br \/>\nERFOLGT, HABEN SIE JEDERZEIT DAS RECHT, AUS GR\u00dcNDEN, DIE SICH AUS IHRER BESONDEREN<br \/>\nSITUATION ERGEBEN, GEGEN DIE VERARBEITUNG IHRER PERSONENBEZOGENEN DATEN<br \/>\nWIDERSPRUCH EINZULEGEN; DIES GILT AUCH F\u00dcR EIN AUF DIESE BESTIMMUNGEN GEST\u00dcTZTES<br \/>\nPROFILING. DIE JEWEILIGE RECHTSGRUNDLAGE, AUF DENEN EINE VERARBEITUNG BERUHT,ENTNEHMEN<\/p>\n<p>SIE DIESER DATENSCHUTZERKL\u00c4RUNG. WENN SIE WIDERSPRUCH EINLEGEN,WERDEN WIR IHRE BETROFFENEN PERSONENBEZOGENEN DATEN NICHT MEHR VERARBEITEN, ES<br \/>\nSEI DENN, WIR K\u00d6NNEN ZWINGENDE SCHUTZW\u00dcRDIGE GR\u00dcNDE F\u00dcR DIE VERARBEITUNG NACHWEISEN, DIE IHRE INTERESSEN, RECHTE UND FREIHEITEN \u00dcBERWIEGEN ODER DIE<br \/>\nVERARBEITUNG<br \/>\nDIENT DER GELTENDMACHUNG,<br \/>\nAUS\u00dcBUNG ODER VERTEIDIGUNG VON<br \/>\nRECHTSANSPR\u00dcCHEN (WIDERSPRUCH NACH ART. 21 ABS. 1 DSGVO).<br \/>\nWERDEN IHRE PERSONENBEZOGENEN DATEN VERARBEITET, UM DIREKTWERBUNG ZU BETREIBEN,so haben sie das Recht,<br \/>\njederzeit widerspruch gegen die verarbeitung sie<br \/>\nbetreffender personenbezogener daten zum zwecke derartiger werbung<br \/>\neinzulegen; DIES GILT AUCH F\u00dcR DAS PROFILING, SOWEIT ES MIT SOLCHER DIREKTWERBUNG IN<br \/>\nVERBINDUNG STEHT. WENN SIE WIDERSPRECHEN, WERDEN IHRE PERSONENBEZOGENEN DATEN<br \/>\nANSCHLIESSEND NICHT MEHR ZUM ZWECKE DER DIREKTWERBUNG VERWENDET (WIDERSPRUCH<br \/>\nNACH ART. 21 ABS. 2 DSGVO).<br \/>\nBeschwerderecht bei der zust\u00e4ndigen Aufsichtsbeh\u00f6rde<br \/>\nIm Falle von Verst\u00f6\u00dfen gegen die DSGVO steht den Betroffenen ein Beschwerderecht bei einer<br \/>\nAufsichtsbeh\u00f6rde, insbesondere in dem Mitgliedstaat ihres gew\u00f6hnlichen Aufenthalts, ihres Arbeitsplatzes oder des Orts des mutma\u00dflichen Versto\u00dfes<br \/>\nzu. Das Beschwerderecht besteht unbeschadet anderweitiger<br \/>\nverwaltungsrechtlicher oder gerichtlicher Rechtsbehelfe.<br \/>\nRecht auf Daten\u00fcbertragbarkeit<br \/>\nSie haben das Recht, Daten, die wir auf Grundlage Ihrer Einwilligung oder in Erf\u00fcllung eines Vertrags<br \/>\nautomatisiert verarbeiten, an sich oder an einen Dritten in einem g\u00e4ngigen, maschinenlesbaren Format<br \/>\naush\u00e4ndigen zu lassen. Sofern Sie die direkte \u00dcbertragung der Daten an einen anderen Verantwortlichen<br \/>\nverlangen, erfolgt dies nur, soweit es technisch machbar ist.<br \/>\nSSL- bzw. TLS-Verschl\u00fcsselung<br \/>\nDiese Seite nutzt aus Sicherheitsgr\u00fcnden und zum Schutz der \u00dcbertragung vertraulicher Inhalte, wie zum<br \/>\nBeispiel Bestellungen oder Anfragen, die Sie an uns als Seitenbetreiber senden, eine SSL- bzw. TLS Verschl\u00fcsselung. Eine verschl\u00fcsselte Verbindung erkennen Sie daran, dass die Adresszeile des Browsers von<br \/>\n&#8220;http:\/\/&#8221; auf &#8220;https:\/\/&#8221; wechselt und an dem Schloss-Symbol in Ihrer Browserzeile.<br \/>\nWenn die SSL- bzw. TLS-Verschl\u00fcsselung aktiviert ist, k\u00f6nnen die Daten, die Sie an uns \u00fcbermitteln, nicht<br \/>\nvon Dritten mitgelesen werden.<br \/>\nAuskunft, L\u00f6schung und Berichtigung<br \/>\nSie haben im Rahmen der geltenden gesetzlichen Bestimmungen jederzeit das Recht auf unentgeltliche<br \/>\nAuskunft \u00fcber Ihre gespeicherten personenbezogenen Daten, deren Herkunft und Empf\u00e4nger und den<br \/>\nZweck der Datenverarbeitung und ggf. ein Recht auf Berichtigung oder L\u00f6schung dieser Daten. Hierzu sowie<br \/>\nzu weiteren Fragen zum Thema personenbezogene Daten k\u00f6nnen Sie sich jederzeit an uns wenden.<br \/>\nRecht auf Einschr\u00e4nkung der Verarbeitung Sie haben das Recht, die Einschr\u00e4nkung der Verarbeitung<br \/>\nIhrer personenbezogenen Daten zu verlangen.<br \/>\nHierzu k\u00f6nnen Sie sich jederzeit an uns wenden. Das Recht auf Einschr\u00e4nkung der Verarbeitung besteht in folgenden F\u00e4llen:<br \/>\nWenn Sie die Richtigkeit Ihrer bei uns gespeicherten personenbezogenen Daten bestreiten, ben\u00f6tigen wir<br \/>\nin<br \/>\nder Regel Zeit, um dies zu \u00fcberpr\u00fcfen. F\u00fcr die Dauer der Pr\u00fcfung haben Sie das Recht, die Einschr\u00e4nkung der Verarbeitung Ihrer personenbezogenen Daten zu verlangen.<br \/>\nWenn die Verarbeitung Ihrer personenbezogenen Daten unrechtm\u00e4\u00dfig geschah\/geschieht, k\u00f6nnen Sie<br \/>\nstatt der L\u00f6schung die Einschr\u00e4nkung der Datenverarbeitung verlangen.<br \/>\nWenn wir Ihre personenbezogenen Daten nicht mehr ben\u00f6tigen, Sie sie jedoch zur Aus\u00fcbung,Verteidigung oder Geltendmachung von Rechtsanspr\u00fcchen ben\u00f6tigen, haben Sie das Recht,<br \/>\nstatt der L\u00f6schung die Einschr\u00e4nkung der<br \/>\nVerarbeitung Ihrer personenbezogenen Daten zu verlangen.<br \/>\nWenn Sie einen Widerspruch nach Art. 21 Abs. 1 DSGVO eingelegt haben, muss eine Abw\u00e4gung zwischen<br \/>\nIhren und unseren Interessen vorgenommen werden. Solange noch nicht feststeht, wessen Interessen<br \/>\n\u00fcberwiegen, haben Sie das Recht, die Einschr\u00e4nkung der Verarbeitung Ihrer personenbezogenen Daten<br \/>\nzu verlangen.<br \/>\nWenn Sie die Verarbeitung Ihrer personenbezogenen Daten eingeschr\u00e4nkt haben, d\u00fcrfen diese Daten \u2013 von ihrer Speicherung abgesehen \u2013 nur mit Ihrer Einwilligung oder zur Geltendmachung, Aus\u00fcbung oder Verteidigung von<br \/>\nRechtsanspr\u00fcchen oder zum Schutz der Rechte einer anderen nat\u00fcrlichen oder juristischen Person oder aus Gr\u00fcnden eines wichtigen \u00f6ffentlichen Interesses der Europ\u00e4ischen Union oder<\/p>\n<p>eines Mitgliedstaats verarbeitet werden.<\/p>\n<p style=\"margin-right: 0px; margin-bottom: 10px; margin-left: 0px;\">4. Datenerfassung auf dieser Website<br \/>\nCookies<br \/>\nUnsere Internetseiten verwenden so genannte \u201eCookies\u201c. Cookies sind kleine Textdateien und richten auf<br \/>\nIhrem Endger\u00e4t keinen Schaden an. Sie werden entweder vor\u00fcbergehend f\u00fcr die Dauer einer Sitzung<br \/>\n(Session-Cookies) oder dauerhaft (permanente Cookies) auf Ihrem Endger\u00e4t gespeichert. Session-Cookies<br \/>\nwerden nach Ende Ihres Besuchs automatisch gel\u00f6scht. Permanente Cookies bleiben auf Ihrem Endger\u00e4t<br \/>\ngespeichert, bis Sie diese selbst l\u00f6schen oder eine automatische L\u00f6schung durch Ihren Webbrowser erfolgt.<br \/>\nTeilweise k\u00f6nnen auch Cookies von Drittunternehmen auf Ihrem Endger\u00e4t gespeichert werden, wenn Sie<br \/>\nunsere Seite betreten (Third-Party-Cookies). Diese erm\u00f6glichen uns oder Ihnen die Nutzung bestimmter<br \/>\nDienstleistungen des Drittunternehmens (z. B. Cookies zur Abwicklung von Zahlungsdienstleistungen).<br \/>\nCookies haben verschiedene Funktionen. Zahlreiche Cookies sind technisch notwendig, da bestimmte<br \/>\nWebsitefunktionen ohne diese nicht funktionieren w\u00fcrden (z. B. die Warenkorbfunktion oder die Anzeige<br \/>\nvon Videos). Andere Cookies dienen dazu, das Nutzerverhalten auszuwerten oder Werbung anzuzeigen.<br \/>\nCookies, die zur Durchf\u00fchrung des elektronischen Kommunikationsvorgangs (notwendige Cookies) oder zur<br \/>\nBereitstellung bestimmter, von Ihnen erw\u00fcnschter Funktionen (funktionale Cookies, z. B. f\u00fcr die<br \/>\nWarenkorbfunktion) oder zur Optimierung der Website (z. B. Cookies zur Messung des Webpublikums)<br \/>\nerforderlich sind, werden auf Grundlage von Art. 6 Abs. 1 lit. f DSGVO gespeichert, sofern keine andere<br \/>\nRechtsgrundlage angegeben wird. Der Websitebetreiber hat ein berechtigtes Interesse an der Speicherung<br \/>\nvon Cookies zur technisch fehlerfreien und optimierten Bereitstellung seiner Dienste. Sofern eine<br \/>\nEinwilligung zur Speicherung von Cookies abgefragt wurde, erfolgt die Speicherung der betreffenden<br \/>\nCookies ausschlie\u00dflich auf Grundlage dieser Einwilligung (Art. 6 Abs. 1 lit. a DSGVO); die Einwilligung ist<br \/>\njederzeit widerrufbar.<br \/>\nSie k\u00f6nnen Ihren Browser so einstellen, dass Sie \u00fcber das Setzen von Cookies informiert werden und<br \/>\nCookies nur im Einzelfall erlauben, die Annahme von Cookies f\u00fcr bestimmte F\u00e4lle oder generell ausschlie\u00dfen<br \/>\nsowie das automatische L\u00f6schen der Cookies beim Schlie\u00dfen des Browsers aktivieren. Bei der<br \/>\nDeaktivierung von Cookies kann die Funktionalit\u00e4t dieser Website eingeschr\u00e4nkt sein.<br \/>\nSoweit Cookies von Drittunternehmen oder zu Analysezwecken eingesetzt werden, werden wir Sie hier\u00fcber<br \/>\nim Rahmen dieser Datenschutzerkl\u00e4rung gesondert informieren und ggf. eine Einwilligung abfragen.<\/p>\n<p style=\"margin-right: 0px; margin-bottom: 10px; margin-left: 0px;\">5. Analyse-Tools und Werbung WordPress Statistik<br \/>\nDiese Website nutzt \u201eWordPress Statistik\u201c, um Besucherzugriffe statistisch auszuwerten. Anbieter ist die<br \/>\nAut O\u2019Mattic A8C Ireland Ltd., Business Centre, No.1 Lower Mayor Street, International Financial Services<br \/>\nCentre, Dublin 1, Irland, deren Mutterunternehmen in den USA sitzt.<br \/>\nWordPress Statistik verwendet Technologien, die die Wiedererkennung des Nutzers zum Zwecke der<br \/>\nAnalyse des Nutzerverhaltens erm\u00f6glichen (z. B. Cookies oder Device-Fingerprinting). WordPress Statistik<br \/>\nerfasst zur Analyse u. a. Logdateien (Referrer, IP-Adresse, Browser u. a.), die Herkunft der Websitebesucher<br \/>\n(Land, Stadt) und welche Aktionen sie auf der Seite get\u00e4tigt haben (z. B. Klicks, Ansichten, Downloads). Die<br \/>\nso erfassten Informationen \u00fcber die Benutzung dieser Website werden auf Servern in den USA gespeichert.<br \/>\nIhre IP-Adresse wird nach der Verarbeitung und vor der Speicherung anonymisiert.<br \/>\nDie Nutzung dieses Analyse-Tools erfolgt auf Grundlage von Art. 6 Abs. 1 lit. f DSGVO. Der<br \/>\nWebsitebetreiber hat ein berechtigtes Interesse an der anonymisierten Analyse des Nutzerverhaltens, um<br \/>\nsowohl sein Webangebot als auch seine Werbung zu optimieren. Sofern eine entsprechende Einwilligung<br \/>\nabgefragt wurde (z. B. eine Einwilligung zur Speicherung von Cookies), erfolgt die Verarbeitung<br \/>\nausschlie\u00dflich auf Grundlage von Art. 6 Abs. 1 lit. a DSGVO; die Einwilligung ist jederzeit widerrufbar.<br \/>\nDie Daten\u00fcbertragung in die USA wird auf die Standardvertragsklauseln der EU-Kommission gest\u00fctzt.<br \/>\nDetails finden Sie hier:<br \/>\nhttps:\/\/automattic.com\/de\/privacy\/.<\/p>\n<p style=\"margin-right: 0px; margin-bottom: 10px; margin-left: 0px;\">6. Plugins und Tools<br \/>\nGoogle Maps<br \/>\nDiese Seite nutzt den Kartendienst Google Maps. Anbieter ist die Google Ireland Limited (\u201eGoogle\u201c), Gordon<br \/>\nHouse, Barrow Street, Dublin 4, Irland.<br \/>\nZur Nutzung der Funktionen von Google Maps ist es notwendig, Ihre IP-Adresse zu speichern. Diese<br \/>\nInformationen werden in der Regel an einen Server von Google in den USA \u00fcbertragen und dort gespeichert.<br \/>\nDer Anbieter dieser Seite hat keinen Einfluss auf diese Daten\u00fcbertragung. Wenn Google Maps aktiviert ist,<br \/>\nkann Google zum Zwecke der einheitlichen Darstellung der Schriftarten Google Web Fonts verwenden.<br \/>\nBeim Aufruf von Google Maps l\u00e4dt Ihr Browser die ben\u00f6tigten Web Fonts in ihren Browsercache, um Texte<br \/>\nund Schriftarten korrekt anzuzeigen.<br \/>\nDie Nutzung von Google Maps erfolgt im Interesse einer ansprechenden Darstellung unserer Online Angebote und an einer leichten Auffindbarkeit der von uns auf der Website angegebenen Orte. Dies stellt<br \/>\nein berechtigtes Interesse im Sinne von Art. 6 Abs. 1 lit. f DSGVO dar. Sofern eine entsprechende<br \/>\nEinwilligung abgefragt wurde, erfolgt die Verarbeitung ausschlie\u00dflich auf Grundlage von Art. 6 Abs. 1 lit. a<br \/>\nDSGVO; die Einwilligung ist jederzeit widerrufbar.<br \/>\nDie Daten\u00fcbertragung in die USA wird auf die Standardvertragsklauseln der EU-Kommission gest\u00fctzt.<br \/>\nDetails finden Sie hier:<br \/>\nhttps:\/\/privacy.google.com\/businesses\/gdprcontrollerterms\/ und<br \/>\nhttps:\/\/privacy.google.com\/businesses\/gdprcontrollerterms\/sccs\/.<br \/>\nMehr Informationen zum Umgang mit Nutzerdaten finden Sie in der Datenschutzerkl\u00e4rung von Google:<br \/>\nhttps:\/\/policies.google.com\/privacy?hl=de.<br \/>\nGoogle reCAPTCHA<br \/>\nWir nutzen \u201eGoogle reCAPTCHA\u201c (im Folgenden \u201ereCAPTCHA\u201c) auf dieser Website. Anbieter ist die Google Ireland Limited (\u201eGoogle\u201c), Gordon House, Barrow Street, Dublin 4, Irland.<br \/>\nMit reCAPTCHA soll \u00fcberpr\u00fcft werden, ob die Dateneingabe auf dieser Website (z. B. in einem<br \/>\nKontaktformular) durch einen Menschen oder durch ein automatisiertes Programm erfolgt. Hierzu<br \/>\nanalysiert reCAPTCHA das Verhalten des Websitebesuchers anhand verschiedener Merkmale. Diese<br \/>\nAnalyse beginnt automatisch, sobald der Websitebesucher die Website betritt. Zur Analyse wertet<br \/>\nreCAPTCHA verschiedene Informationen aus (z. B. IP-Adresse, Verweildauer des Websitebesuchers auf der<br \/>\nWebsite oder vom Nutzer get\u00e4tigte Mausbewegungen). Die bei der Analyse erfassten Daten werden an<br \/>\nGoogle weitergeleitet.<br \/>\nDie reCAPTCHA-Analysen laufen vollst\u00e4ndig im Hintergrund. Websitebesucher werden nicht darauf<br \/>\nhingewiesen, dass eine Analyse stattfindet.<br \/>\nDie Speicherung und Analyse der Daten erfolgt auf Grundlage von Art. 6 Abs. 1 lit. f DSGVO. Der<br \/>\nWebsitebetreiber hat ein berechtigtes Interesse daran, seine Webangebote vor missbr\u00e4uchlicher<br \/>\nautomatisierter Aussp\u00e4hung und vor SPAM zu sch\u00fctzen. Sofern eine entsprechende Einwilligung abgefragt<br \/>\nwurde, erfolgt die Verarbeitung ausschlie\u00dflich auf Grundlage von Art. 6 Abs. 1 lit. a DSGVO; die Einwilligung<br \/>\nist jederzeit widerrufbar.<br \/>\nWeitere Informationen zu Google reCAPTCHA entnehmen Sie den Google-Datenschutzbestimmungen und<br \/>\nden Google Nutzungsbedingungen unter folgenden Links:<br \/>\nhttps:\/\/policies.google.com\/privacy?hl=de und<br \/>\nhttps:\/\/policies.google.com\/terms?hl=de.<br \/>\nQuelle:<br \/>\nhttps:\/\/www.e-recht24.de<\/p>\n<\/section>\n","protected":false},"excerpt":{"rendered":"<p>1. Datenschutz auf einen Blick Allgemeine Hinweise Die folgenden Hinweise geben einen einfachen \u00dcberblick dar\u00fcber, was mit Ihren personenbezogenen Daten passiert, wenn Sie diese Website besuchen. Personenbezogene Daten sind alle Daten, mit denen Sie pers\u00f6nlich identifiziert werden k\u00f6nnen. Ausf\u00fchrliche Informationen zum Thema Datenschutz entnehmen Sie unserer unter diesem Text aufgef\u00fchrten Datenschutzerkl\u00e4rung. Datenerfassung auf dieser Website [&hellip;]<\/p>\n","protected":false},"author":1,"featured_media":0,"parent":0,"menu_order":0,"comment_status":"closed","ping_status":"closed","template":"","meta":{"footnotes":""},"class_list":["post-86","page","type-page","status-publish","hentry","entry"],"_links":{"self":[{"href":"https:\/\/zurterez.de\/index.php?rest_route=\/wp\/v2\/pages\/86","targetHints":{"allow":["GET"]}}],"collection":[{"href":"https:\/\/zurterez.de\/index.php?rest_route=\/wp\/v2\/pages"}],"about":[{"href":"https:\/\/zurterez.de\/index.php?rest_route=\/wp\/v2\/types\/page"}],"author":[{"embeddable":true,"href":"https:\/\/zurterez.de\/index.php?rest_route=\/wp\/v2\/users\/1"}],"replies":[{"embeddable":true,"href":"https:\/\/zurterez.de\/index.php?rest_route=%2Fwp%2Fv2%2Fcomments&post=86"}],"version-history":[{"count":8,"href":"https:\/\/zurterez.de\/index.php?rest_route=\/wp\/v2\/pages\/86\/revisions"}],"predecessor-version":[{"id":103,"href":"https:\/\/zurterez.de\/index.php?rest_route=\/wp\/v2\/pages\/86\/revisions\/103"}],"wp:attachment":[{"href":"https:\/\/zurterez.de\/index.php?rest_route=%2Fwp%2Fv2%2Fmedia&parent=86"}],"curies":[{"name":"wp","href":"https:\/\/api.w.org\/{rel}","templated":true}]}}